{"id":716,"date":"2018-02-15T13:03:06","date_gmt":"2018-02-15T12:03:06","guid":{"rendered":"https:\/\/www.dossmann-eisengiesserei.de\/?page_id=716"},"modified":"2018-02-15T13:03:06","modified_gmt":"2018-02-15T12:03:06","slug":"datenschutz","status":"publish","type":"page","link":"https:\/\/www.dossmann-eisengiesserei.de\/en\/datenschutz\/","title":{"rendered":"Datenschutz"},"content":{"rendered":"[mk_page_section bg_image=&#8221;https:\/\/www.dossmann-eisengiesserei.de\/wp-content\/uploads\/2018\/02\/bg-header-agb.jpg&#8221; bg_position=&#8221;center center&#8221; bg_repeat=&#8221;no-repeat&#8221; bg_stretch=&#8221;true&#8221; enable_3d=&#8221;true&#8221; video_opacity=&#8221;0.3&#8243; min_height=&#8221;0&#8243; padding_top=&#8221;0&#8243; padding_bottom=&#8221;0&#8243; sidebar=&#8221;sidebar-1&#8243;][vc_column][vc_empty_space height=&#8221;350px&#8221;][\/vc_column][\/mk_page_section][mk_page_section bg_position=&#8221;left center&#8221; bg_repeat=&#8221;no-repeat&#8221; video_color_mask=&#8221;#ffffff&#8221; video_opacity=&#8221;0.4&#8243; padding_top=&#8221;20&#8243; padding_bottom=&#8221;20&#8243; sidebar=&#8221;sidebar-1&#8243;][vc_column width=&#8221;2\/3&#8243;][vc_empty_space height=&#8221;70px&#8221;][vc_column_text css=&#8221;.vc_custom_1518428232035{margin-bottom: 0px !important;}&#8221;]\n<h1>DATENSCHUTZ-ERKL\u00c4RUNG<\/h1>\n<h2>Datenschutzhinweis<\/h2>\n<p>Diese Website benutzt Google Analytics, einen Webanalysedienst der Google Inc. (\u201eGoogle\u201c). Google Analytics verwendet sog. \u201eCookies\u201c, Textdateien, die auf Ihrem Computer gespeichert werden und die eine Analyse der Benutzung der Website durch Sie erm\u00f6glichen. Die durch den Cookie erzeugten Informationen \u00fcber Ihre Benutzung dieser Website (einschlie\u00dflich Ihrer IP-Adresse) wird an einen Server von Google in den USA \u00fcbertragen und dort gespeichert. Google wird diese Informationen benutzen, um Ihre Nutzung der Website auszuwerten, um Reports \u00fcber die Websiteaktivit\u00e4ten f\u00fcr die Websitebetreiber zusammenzustellen und um weitere mit der Websitenutzung und der Internetnutzung verbundene Dienstleistungen zu erbringen. Auch wird Google diese Informationen gegebenenfalls an Dritte \u00fcbertragen, sofern dies gesetzlich vorgeschrieben oder soweit Dritte diese Daten im Auftrag von Google verarbeiten. Google wird in keinem Fall Ihre IP-Adresse mit anderen Daten von Google in Verbindung bringen. Sie k\u00f6nnen die Installation der Cookies durch eine entsprechende Einstellung Ihrer Browser Software verhindern; wir weisen Sie jedoch darauf hin, dass Sie in diesem Fall gegebenenfalls nicht s\u00e4mtliche Funktionen dieser Website vollumf\u00e4nglich nutzen k\u00f6nnen. Durch die Nutzung dieser Website erkl\u00e4ren Sie sich mit der Bearbeitung der \u00fcber Sie erhobenen Daten durch Google in der zuvor beschriebenen Art und Weise und zu dem zuvor benannten Zweck einverstanden.[\/vc_column_text][vc_empty_space height=&#8221;10px&#8221;][\/vc_column][vc_column width=&#8221;1\/3&#8243;][vc_empty_space height=&#8221;120px&#8221;][\/vc_column][\/mk_page_section][mk_page_section bg_position=&#8221;left center&#8221; bg_repeat=&#8221;no-repeat&#8221; video_color_mask=&#8221;#ffffff&#8221; video_opacity=&#8221;0.2&#8243; min_height=&#8221;0&#8243; padding_top=&#8221;0&#8243; padding_bottom=&#8221;0&#8243; sidebar=&#8221;sidebar-1&#8243;][vc_column][vc_empty_space height=&#8221;50px&#8221; el_class=&#8221;mob-hidden&#8221;][\/vc_column][\/mk_page_section][mk_page_section vertical_align=&#8221;bottom&#8221; bg_image=&#8221;https:\/\/www.dossmann-eisengiesserei.de\/wp-content\/uploads\/2018\/02\/bg-header-agb.jpg&#8221; attachment=&#8221;fixed&#8221; bg_position=&#8221;center center&#8221; bg_repeat=&#8221;no-repeat&#8221; bg_stretch=&#8221;true&#8221; top_shadow=&#8221;true&#8221; min_height=&#8221;450&#8243; full_width=&#8221;true&#8221; padding_top=&#8221;0&#8243; padding_bottom=&#8221;0&#8243; sidebar=&#8221;sidebar-1&#8243;][vc_column][vc_empty_space height=&#8221;320px&#8221;][\/vc_column][\/mk_page_section]\n","protected":false},"excerpt":{"rendered":"<p>[mk_page_section bg_image=&#8221;https:\/\/www.dossmann-eisengiesserei.de\/wp-content\/uploads\/2018\/02\/bg-header-agb.jpg&#8221; bg_position=&#8221;center center&#8221; bg_repeat=&#8221;no-repeat&#8221; bg_stretch=&#8221;true&#8221; enable_3d=&#8221;true&#8221; video_opacity=&#8221;0.3&#8243; min_height=&#8221;0&#8243; padding_top=&#8221;0&#8243; padding_bottom=&#8221;0&#8243; sidebar=&#8221;sidebar-1&#8243;][vc_column][vc_empty_space height=&#8221;350px&#8221;][\/vc_column][\/mk_page_section][mk_page_section bg_position=&#8221;left center&#8221; bg_repeat=&#8221;no-repeat&#8221; video_color_mask=&#8221;#ffffff&#8221; video_opacity=&#8221;0.4&#8243; padding_top=&#8221;20&#8243; padding_bottom=&#8221;20&#8243; sidebar=&#8221;sidebar-1&#8243;][vc_column width=&#8221;2\/3&#8243;][vc_empty_space height=&#8221;70px&#8221;][vc_column_text css=&#8221;.vc_custom_1518428232035{margin-bottom: 0px !important;}&#8221;] DATENSCHUTZ-ERKL\u00c4RUNG Datenschutzhinweis Diese Website benutzt Google Analytics, einen Webanalysedienst der Google Inc. (\u201eGoogle\u201c). Google Analytics verwendet sog. \u201eCookies\u201c, Textdateien, die auf Ihrem Computer gespeichert werden und die eine Analyse [&hellip;]<\/p>\n","protected":false},"author":1,"featured_media":0,"parent":0,"menu_order":101,"comment_status":"closed","ping_status":"closed","template":"","meta":{"footnotes":""},"class_list":["post-716","page","type-page","status-publish","hentry"],"yoast_head":"<!-- This site is optimized with the Yoast SEO plugin v27.3 - https:\/\/yoast.com\/product\/yoast-seo-wordpress\/ -->\n<title>Datenschutz - Dossmann Eisengiesserei<\/title>\n<meta name=\"robots\" content=\"index, follow, max-snippet:-1, max-image-preview:large, max-video-preview:-1\" \/>\n<link rel=\"canonical\" href=\"https:\/\/www.dossmann-eisengiesserei.de\/en\/datenschutz\/\" \/>\n<meta property=\"og:locale\" content=\"en_US\" \/>\n<meta property=\"og:type\" content=\"article\" \/>\n<meta property=\"og:title\" content=\"Datenschutz - Dossmann Eisengiesserei\" \/>\n<meta property=\"og:description\" content=\"[mk_page_section bg_image=&#8221;https:\/\/www.dossmann-eisengiesserei.de\/wp-content\/uploads\/2018\/02\/bg-header-agb.jpg&#8221; bg_position=&#8221;center center&#8221; bg_repeat=&#8221;no-repeat&#8221; bg_stretch=&#8221;true&#8221; enable_3d=&#8221;true&#8221; video_opacity=&#8221;0.3&#8243; min_height=&#8221;0&#8243; padding_top=&#8221;0&#8243; padding_bottom=&#8221;0&#8243; sidebar=&#8221;sidebar-1&#8243;][vc_column][vc_empty_space height=&#8221;350px&#8221;][\/vc_column][\/mk_page_section][mk_page_section bg_position=&#8221;left center&#8221; bg_repeat=&#8221;no-repeat&#8221; video_color_mask=&#8221;#ffffff&#8221; video_opacity=&#8221;0.4&#8243; padding_top=&#8221;20&#8243; padding_bottom=&#8221;20&#8243; sidebar=&#8221;sidebar-1&#8243;][vc_column width=&#8221;2\/3&#8243;][vc_empty_space height=&#8221;70px&#8221;][vc_column_text css=&#8221;.vc_custom_1518428232035{margin-bottom: 0px !important;}&#8221;] DATENSCHUTZ-ERKL\u00c4RUNG Datenschutzhinweis Diese Website benutzt Google Analytics, einen Webanalysedienst der Google Inc. (\u201eGoogle\u201c). Google Analytics verwendet sog. \u201eCookies\u201c, Textdateien, die auf Ihrem Computer gespeichert werden und die eine Analyse [&hellip;]\" \/>\n<meta property=\"og:url\" content=\"https:\/\/www.dossmann-eisengiesserei.de\/en\/datenschutz\/\" \/>\n<meta property=\"og:site_name\" content=\"Dossmann Eisengiesserei\" \/>\n<meta name=\"twitter:card\" content=\"summary_large_image\" \/>\n<meta name=\"twitter:label1\" content=\"Est. reading time\" \/>\n\t<meta name=\"twitter:data1\" content=\"2 minutes\" \/>\n<script type=\"application\/ld+json\" class=\"yoast-schema-graph\">{\"@context\":\"https:\\\/\\\/schema.org\",\"@graph\":[{\"@type\":\"WebPage\",\"@id\":\"https:\\\/\\\/www.dossmann-eisengiesserei.de\\\/en\\\/datenschutz\\\/\",\"url\":\"https:\\\/\\\/www.dossmann-eisengiesserei.de\\\/en\\\/datenschutz\\\/\",\"name\":\"Datenschutz - Dossmann Eisengiesserei\",\"isPartOf\":{\"@id\":\"https:\\\/\\\/www.dossmann-eisengiesserei.de\\\/#website\"},\"datePublished\":\"2018-02-15T12:03:06+00:00\",\"breadcrumb\":{\"@id\":\"https:\\\/\\\/www.dossmann-eisengiesserei.de\\\/en\\\/datenschutz\\\/#breadcrumb\"},\"inLanguage\":\"en-US\",\"potentialAction\":[{\"@type\":\"ReadAction\",\"target\":[\"https:\\\/\\\/www.dossmann-eisengiesserei.de\\\/en\\\/datenschutz\\\/\"]}]},{\"@type\":\"BreadcrumbList\",\"@id\":\"https:\\\/\\\/www.dossmann-eisengiesserei.de\\\/en\\\/datenschutz\\\/#breadcrumb\",\"itemListElement\":[{\"@type\":\"ListItem\",\"position\":1,\"name\":\"Startseite\",\"item\":\"https:\\\/\\\/www.dossmann-eisengiesserei.de\\\/en\\\/\"},{\"@type\":\"ListItem\",\"position\":2,\"name\":\"Datenschutz\"}]},{\"@type\":\"WebSite\",\"@id\":\"https:\\\/\\\/www.dossmann-eisengiesserei.de\\\/#website\",\"url\":\"https:\\\/\\\/www.dossmann-eisengiesserei.de\\\/\",\"name\":\"Dossmann Eisengiesserei\",\"description\":\"Eine weitere WordPress-Website\",\"potentialAction\":[{\"@type\":\"SearchAction\",\"target\":{\"@type\":\"EntryPoint\",\"urlTemplate\":\"https:\\\/\\\/www.dossmann-eisengiesserei.de\\\/?s={search_term_string}\"},\"query-input\":{\"@type\":\"PropertyValueSpecification\",\"valueRequired\":true,\"valueName\":\"search_term_string\"}}],\"inLanguage\":\"en-US\"}]}<\/script>\n<!-- \/ Yoast SEO plugin. -->","yoast_head_json":{"title":"Datenschutz - Dossmann Eisengiesserei","robots":{"index":"index","follow":"follow","max-snippet":"max-snippet:-1","max-image-preview":"max-image-preview:large","max-video-preview":"max-video-preview:-1"},"canonical":"https:\/\/www.dossmann-eisengiesserei.de\/en\/datenschutz\/","og_locale":"en_US","og_type":"article","og_title":"Datenschutz - Dossmann Eisengiesserei","og_description":"[mk_page_section bg_image=&#8221;https:\/\/www.dossmann-eisengiesserei.de\/wp-content\/uploads\/2018\/02\/bg-header-agb.jpg&#8221; bg_position=&#8221;center center&#8221; bg_repeat=&#8221;no-repeat&#8221; bg_stretch=&#8221;true&#8221; enable_3d=&#8221;true&#8221; video_opacity=&#8221;0.3&#8243; min_height=&#8221;0&#8243; padding_top=&#8221;0&#8243; padding_bottom=&#8221;0&#8243; sidebar=&#8221;sidebar-1&#8243;][vc_column][vc_empty_space height=&#8221;350px&#8221;][\/vc_column][\/mk_page_section][mk_page_section bg_position=&#8221;left center&#8221; bg_repeat=&#8221;no-repeat&#8221; video_color_mask=&#8221;#ffffff&#8221; video_opacity=&#8221;0.4&#8243; padding_top=&#8221;20&#8243; padding_bottom=&#8221;20&#8243; sidebar=&#8221;sidebar-1&#8243;][vc_column width=&#8221;2\/3&#8243;][vc_empty_space height=&#8221;70px&#8221;][vc_column_text css=&#8221;.vc_custom_1518428232035{margin-bottom: 0px !important;}&#8221;] DATENSCHUTZ-ERKL\u00c4RUNG Datenschutzhinweis Diese Website benutzt Google Analytics, einen Webanalysedienst der Google Inc. (\u201eGoogle\u201c). Google Analytics verwendet sog. \u201eCookies\u201c, Textdateien, die auf Ihrem Computer gespeichert werden und die eine Analyse [&hellip;]","og_url":"https:\/\/www.dossmann-eisengiesserei.de\/en\/datenschutz\/","og_site_name":"Dossmann Eisengiesserei","twitter_card":"summary_large_image","twitter_misc":{"Est. reading time":"2 minutes"},"schema":{"@context":"https:\/\/schema.org","@graph":[{"@type":"WebPage","@id":"https:\/\/www.dossmann-eisengiesserei.de\/en\/datenschutz\/","url":"https:\/\/www.dossmann-eisengiesserei.de\/en\/datenschutz\/","name":"Datenschutz - Dossmann Eisengiesserei","isPartOf":{"@id":"https:\/\/www.dossmann-eisengiesserei.de\/#website"},"datePublished":"2018-02-15T12:03:06+00:00","breadcrumb":{"@id":"https:\/\/www.dossmann-eisengiesserei.de\/en\/datenschutz\/#breadcrumb"},"inLanguage":"en-US","potentialAction":[{"@type":"ReadAction","target":["https:\/\/www.dossmann-eisengiesserei.de\/en\/datenschutz\/"]}]},{"@type":"BreadcrumbList","@id":"https:\/\/www.dossmann-eisengiesserei.de\/en\/datenschutz\/#breadcrumb","itemListElement":[{"@type":"ListItem","position":1,"name":"Startseite","item":"https:\/\/www.dossmann-eisengiesserei.de\/en\/"},{"@type":"ListItem","position":2,"name":"Datenschutz"}]},{"@type":"WebSite","@id":"https:\/\/www.dossmann-eisengiesserei.de\/#website","url":"https:\/\/www.dossmann-eisengiesserei.de\/","name":"Dossmann Eisengiesserei","description":"Eine weitere WordPress-Website","potentialAction":[{"@type":"SearchAction","target":{"@type":"EntryPoint","urlTemplate":"https:\/\/www.dossmann-eisengiesserei.de\/?s={search_term_string}"},"query-input":{"@type":"PropertyValueSpecification","valueRequired":true,"valueName":"search_term_string"}}],"inLanguage":"en-US"}]}},"_links":{"self":[{"href":"https:\/\/www.dossmann-eisengiesserei.de\/en\/wp-json\/wp\/v2\/pages\/716","targetHints":{"allow":["GET"]}}],"collection":[{"href":"https:\/\/www.dossmann-eisengiesserei.de\/en\/wp-json\/wp\/v2\/pages"}],"about":[{"href":"https:\/\/www.dossmann-eisengiesserei.de\/en\/wp-json\/wp\/v2\/types\/page"}],"author":[{"embeddable":true,"href":"https:\/\/www.dossmann-eisengiesserei.de\/en\/wp-json\/wp\/v2\/users\/1"}],"replies":[{"embeddable":true,"href":"https:\/\/www.dossmann-eisengiesserei.de\/en\/wp-json\/wp\/v2\/comments?post=716"}],"version-history":[{"count":2,"href":"https:\/\/www.dossmann-eisengiesserei.de\/en\/wp-json\/wp\/v2\/pages\/716\/revisions"}],"predecessor-version":[{"id":718,"href":"https:\/\/www.dossmann-eisengiesserei.de\/en\/wp-json\/wp\/v2\/pages\/716\/revisions\/718"}],"wp:attachment":[{"href":"https:\/\/www.dossmann-eisengiesserei.de\/en\/wp-json\/wp\/v2\/media?parent=716"}],"curies":[{"name":"wp","href":"https:\/\/api.w.org\/{rel}","templated":true}]}}